{"id":641,"date":"2017-06-20T11:12:42","date_gmt":"2017-06-20T11:12:42","guid":{"rendered":"http:\/\/limitless-experiences.com\/News\/?page_id=641"},"modified":"2018-05-07T15:44:18","modified_gmt":"2018-05-07T15:44:18","slug":"nos-excursions-en-voiture-de-collection-a-marrakech","status":"publish","type":"page","link":"https:\/\/limitless-experiences.com\/News\/nos-excursions-en-voiture-de-collection-a-marrakech\/","title":{"rendered":"Nos excursions en voiture de collection \u00e0 Marrakech"},"content":{"rendered":"<p>Pour que votre journ\u00e9e Marrakech ne ressemble \u00e0 aucune autre, faites-vous plaisir avec nos excursions envoitures de collection \u00e0 Marrakech : Cadilac Eldorado 1954, Jaguar MK2 1960, Chevrolet Corvette 1955, Ford Mustang 1965, Jaguar Type E 1962, Triumph TR4 1964, etc\u2026<\/p>\n<p>Faites votre choix et votre agence d\u2019event au Maroc se charge de programmer votre excursion en\u00a0<a href=\"http:\/\/limitless-experiences.com\/fr\/index.php?p=vintage-cars\"><strong>voiture vintage \u00e0 Marrakech<\/strong>\u00a0<\/a>pour votre plus grand plaisir et celui de vos proches !<\/p>\n<div id='gallery-1' class='gallery galleryid-641 gallery-columns-6 gallery-size-thumbnail'><figure class='gallery-item'>\n\t\t\t<div class='gallery-icon landscape'>\n\t\t\t\t<a href='https:\/\/limitless-experiences.com\/News\/wp-content\/uploads\/2017\/06\/DSC_0941-e1498041250836.jpg'><img loading=\"lazy\" decoding=\"async\" width=\"150\" height=\"150\" src=\"https:\/\/limitless-experiences.com\/News\/wp-content\/uploads\/2017\/06\/DSC_0941-150x150.jpg\" class=\"attachment-thumbnail size-thumbnail\" alt=\"\" srcset=\"https:\/\/limitless-experiences.com\/News\/wp-content\/uploads\/2017\/06\/DSC_0941-150x150.jpg 150w, https:\/\/limitless-experiences.com\/News\/wp-content\/uploads\/2017\/06\/DSC_0941-1440x1440.jpg 1440w\" sizes=\"auto, (max-width: 150px) 100vw, 150px\" \/><\/a>\n\t\t\t<\/div><\/figure><figure class='gallery-item'>\n\t\t\t<div class='gallery-icon landscape'>\n\t\t\t\t<a href='https:\/\/limitless-experiences.com\/News\/wp-content\/uploads\/2017\/06\/DSC_0971-e1498041272807.jpg'><img loading=\"lazy\" decoding=\"async\" width=\"150\" height=\"150\" src=\"https:\/\/limitless-experiences.com\/News\/wp-content\/uploads\/2017\/06\/DSC_0971-150x150.jpg\" class=\"attachment-thumbnail size-thumbnail\" alt=\"\" srcset=\"https:\/\/limitless-experiences.com\/News\/wp-content\/uploads\/2017\/06\/DSC_0971-150x150.jpg 150w, https:\/\/limitless-experiences.com\/News\/wp-content\/uploads\/2017\/06\/DSC_0971-1440x1440.jpg 1440w\" sizes=\"auto, (max-width: 150px) 100vw, 150px\" \/><\/a>\n\t\t\t<\/div><\/figure><figure class='gallery-item'>\n\t\t\t<div class='gallery-icon landscape'>\n\t\t\t\t<a href='https:\/\/limitless-experiences.com\/News\/wp-content\/uploads\/2017\/06\/LIMITLESS-EXPERIENCE-MERCK-1-e1498041297708.jpg'><img loading=\"lazy\" decoding=\"async\" width=\"150\" height=\"150\" src=\"https:\/\/limitless-experiences.com\/News\/wp-content\/uploads\/2017\/06\/LIMITLESS-EXPERIENCE-MERCK-1-150x150.jpg\" class=\"attachment-thumbnail size-thumbnail\" alt=\"\" srcset=\"https:\/\/limitless-experiences.com\/News\/wp-content\/uploads\/2017\/06\/LIMITLESS-EXPERIENCE-MERCK-1-150x150.jpg 150w, https:\/\/limitless-experiences.com\/News\/wp-content\/uploads\/2017\/06\/LIMITLESS-EXPERIENCE-MERCK-1-1440x1440.jpg 1440w\" sizes=\"auto, (max-width: 150px) 100vw, 150px\" \/><\/a>\n\t\t\t<\/div><\/figure><figure class='gallery-item'>\n\t\t\t<div class='gallery-icon landscape'>\n\t\t\t\t<a href='https:\/\/limitless-experiences.com\/News\/wp-content\/uploads\/2017\/06\/LIMITLESS-EXPERIENCE-MERCK-218-e1498041318414.jpg'><img loading=\"lazy\" decoding=\"async\" width=\"150\" height=\"150\" src=\"https:\/\/limitless-experiences.com\/News\/wp-content\/uploads\/2017\/06\/LIMITLESS-EXPERIENCE-MERCK-218-150x150.jpg\" class=\"attachment-thumbnail size-thumbnail\" alt=\"\" srcset=\"https:\/\/limitless-experiences.com\/News\/wp-content\/uploads\/2017\/06\/LIMITLESS-EXPERIENCE-MERCK-218-150x150.jpg 150w, https:\/\/limitless-experiences.com\/News\/wp-content\/uploads\/2017\/06\/LIMITLESS-EXPERIENCE-MERCK-218-1440x1440.jpg 1440w\" sizes=\"auto, (max-width: 150px) 100vw, 150px\" \/><\/a>\n\t\t\t<\/div><\/figure><figure class='gallery-item'>\n\t\t\t<div class='gallery-icon landscape'>\n\t\t\t\t<a href='https:\/\/limitless-experiences.com\/News\/wp-content\/uploads\/2017\/06\/porsche-targa-2-e1498041337722.jpg'><img loading=\"lazy\" decoding=\"async\" width=\"150\" height=\"150\" src=\"https:\/\/limitless-experiences.com\/News\/wp-content\/uploads\/2017\/06\/porsche-targa-2-150x150.jpg\" class=\"attachment-thumbnail size-thumbnail\" alt=\"\" srcset=\"https:\/\/limitless-experiences.com\/News\/wp-content\/uploads\/2017\/06\/porsche-targa-2-150x150.jpg 150w, https:\/\/limitless-experiences.com\/News\/wp-content\/uploads\/2017\/06\/porsche-targa-2-1440x1440.jpg 1440w\" sizes=\"auto, (max-width: 150px) 100vw, 150px\" \/><\/a>\n\t\t\t<\/div><\/figure><figure class='gallery-item'>\n\t\t\t<div class='gallery-icon landscape'>\n\t\t\t\t<a href='https:\/\/limitless-experiences.com\/News\/wp-content\/uploads\/2017\/02\/Cadillac-experience_56540-e1498041369972.jpeg'><img loading=\"lazy\" decoding=\"async\" width=\"150\" height=\"150\" src=\"https:\/\/limitless-experiences.com\/News\/wp-content\/uploads\/2017\/02\/Cadillac-experience_56540-150x150.jpeg\" class=\"attachment-thumbnail size-thumbnail\" alt=\"\" \/><\/a>\n\t\t\t<\/div><\/figure>\n\t\t<\/div>\n\n","protected":false},"excerpt":{"rendered":"<p>Pour que votre journ\u00e9e Marrakech ne ressemble \u00e0 aucune autre, faites-vous plaisir avec nos excursions envoitures de collection \u00e0 Marrakech : Cadilac Eldorado 1954, Jaguar MK2 1960, Chevrolet Corvette 1955, Ford Mustang 1965, Jaguar Type E 1962, Triumph TR4 1964, etc\u2026 Faites votre choix et votre agence d\u2019event au Maroc &hellip;<\/p>\n","protected":false},"author":1,"featured_media":475,"parent":0,"menu_order":0,"comment_status":"closed","ping_status":"closed","template":"","meta":{"footnotes":""},"class_list":["post-641","page","type-page","status-publish","has-post-thumbnail","hentry"],"_links":{"self":[{"href":"https:\/\/limitless-experiences.com\/News\/wp-json\/wp\/v2\/pages\/641","targetHints":{"allow":["GET"]}}],"collection":[{"href":"https:\/\/limitless-experiences.com\/News\/wp-json\/wp\/v2\/pages"}],"about":[{"href":"https:\/\/limitless-experiences.com\/News\/wp-json\/wp\/v2\/types\/page"}],"author":[{"embeddable":true,"href":"https:\/\/limitless-experiences.com\/News\/wp-json\/wp\/v2\/users\/1"}],"replies":[{"embeddable":true,"href":"https:\/\/limitless-experiences.com\/News\/wp-json\/wp\/v2\/comments?post=641"}],"version-history":[{"count":5,"href":"https:\/\/limitless-experiences.com\/News\/wp-json\/wp\/v2\/pages\/641\/revisions"}],"predecessor-version":[{"id":1091,"href":"https:\/\/limitless-experiences.com\/News\/wp-json\/wp\/v2\/pages\/641\/revisions\/1091"}],"wp:featuredmedia":[{"embeddable":true,"href":"https:\/\/limitless-experiences.com\/News\/wp-json\/wp\/v2\/media\/475"}],"wp:attachment":[{"href":"https:\/\/limitless-experiences.com\/News\/wp-json\/wp\/v2\/media?parent=641"}],"curies":[{"name":"wp","href":"https:\/\/api.w.org\/{rel}","templated":true}]}}