{"id":593,"date":"2017-06-19T14:24:04","date_gmt":"2017-06-19T14:24:04","guid":{"rendered":"http:\/\/limitless-experiences.com\/News\/?page_id=593"},"modified":"2018-05-08T13:46:35","modified_gmt":"2018-05-08T13:46:35","slug":"organisation-de-votre-seminaire-a-marrakech","status":"publish","type":"page","link":"https:\/\/limitless-experiences.com\/News\/organisation-de-votre-seminaire-a-marrakech\/","title":{"rendered":"Organisation de votre s\u00e9minaire \u00e0 Marrakech"},"content":{"rendered":"<p>En tant que sp\u00e9cialiste de l\u2019<a href=\"http:\/\/limitless-experiences.com\/fr\/index.php?p=vintage-cars\" target=\"_blank\" rel=\"noopener\">organisation de s\u00e9minaire \u00e0 Marrakech<\/a> ainsi que dans tout le Maroc, votre agence \u00e9v\u00e9nementielle Limitless Experiences met son exp\u00e9rience ainsi que son savoir-faire \u00e0 votre disposition.<\/p>\n<h5><strong>Pourquoi organiser un s\u00e9minaire au Maroc\u00a0?<\/strong><\/h5>\n<p>Le Maroc est une destination id\u00e9ale pour l\u2019<strong>organisation d&rsquo;un s\u00e9minaire o\u00f9 un \u00e9v\u00e9nement professionnel<\/strong> \u00e0 l&rsquo;\u00e9tranger, et ce pour plusieurs raisons. En effet, en plus de disposer d\u2019un <strong>climat extr\u00eamement favorable<\/strong> pour les activit\u00e9s en plein air et les excursions nomades, le Maroc offre des <strong>paysages \u00e0 couper le souffle<\/strong> ainsi que des lieux prestigieux d\u2019une rare beaut\u00e9.<\/p>\n<p>L\u2019offre en mati\u00e8re d\u2019h\u00e9bergement n\u2019a de cesse de se d\u00e9velopper et de permettre \u00e0 chaque participant de trouver l\u2019\u00e9tablissement de son choix en fonction de ses attentes et de son budget.<\/p>\n<p>Enfin, sa proximit\u00e9 avec les principales capitales europ\u00e9ennes est un r\u00e9el atout qui permet aux entreprises de profiter de <strong>prestations haut de gamme<\/strong> sans avoir \u00e0 travers le globe.<\/p>\n<h5><strong>Optez pour l&rsquo;organisation de s\u00e9minaire \u00e0 Marrakech<\/strong><\/h5>\n<p>Votre prochain s<strong>\u00e9minaire d\u2019entreprise \u00e0 Marrakech<\/strong> sera l&rsquo;occasion de concilier travail de groupe avec la d\u00e9couverte culturelle et les activit\u00e9s ext\u00e9rieures accessibles toute l&rsquo;ann\u00e9e.<\/p>\n<p>Ainsi, vos collaborateurs pourront profiter de ce <strong>s\u00e9jour incentive<\/strong> pour d\u00e9couvrir la m\u00e9dina de Marrakech, la palmeraie, le d\u00e9sert en quad, une balade en h\u00e9licopt\u00e8re, <a href=\"http:\/\/limitless-experiences.com\/fr\/index.php?p=vintage-cars\" target=\"_blank\" rel=\"noopener\"><strong>une excursion en voiture de collection<\/strong><\/a>, un diner \u00e0 50 m\u00e8tres du sol via le concept <strong><a href=\"http:\/\/limitless-experiences.com\/fr\/index.php?p=dinner-in-the-sky\">dinner in the sky Maroc<\/a><\/strong>&#8230;<\/p>\n<p>Mais quelque soit votre choix, votre s\u00e9minaire \u00e0 Marrakech sera l\u2019occasion de faire d\u00e9couvrir \u00e0 votre soci\u00e9t\u00e9 toutes les facette de la ville ocre ensoleill\u00e9e toute l&rsquo;ann\u00e9e.<\/p>\n<p>Pour plus de renseignements, n\u2019h\u00e9sitez pas \u00e0 <a href=\"http:\/\/limitless-experiences.com\/fr\/index.php?p=contact\" target=\"_blank\" rel=\"noopener\">nous contacter<\/a>, nous serons ravis de vous aider \u00e0 concr\u00e9tiser votre projet.<\/p>\n<div id='gallery-1' class='gallery galleryid-593 gallery-columns-6 gallery-size-thumbnail'><figure class='gallery-item'>\n\t\t\t<div class='gallery-icon landscape'>\n\t\t\t\t<a href='https:\/\/limitless-experiences.com\/News\/wp-content\/uploads\/2017\/06\/DSC_0361-e1498039422898.jpg'><img loading=\"lazy\" decoding=\"async\" width=\"150\" height=\"150\" src=\"https:\/\/limitless-experiences.com\/News\/wp-content\/uploads\/2017\/06\/DSC_0361-150x150.jpg\" class=\"attachment-thumbnail size-thumbnail\" alt=\"\" srcset=\"https:\/\/limitless-experiences.com\/News\/wp-content\/uploads\/2017\/06\/DSC_0361-150x150.jpg 150w, https:\/\/limitless-experiences.com\/News\/wp-content\/uploads\/2017\/06\/DSC_0361-1440x1440.jpg 1440w\" sizes=\"auto, (max-width: 150px) 100vw, 150px\" \/><\/a>\n\t\t\t<\/div><\/figure><figure class='gallery-item'>\n\t\t\t<div class='gallery-icon landscape'>\n\t\t\t\t<a href='https:\/\/limitless-experiences.com\/News\/wp-content\/uploads\/2017\/06\/DSC_0496-e1498039395884.jpg'><img loading=\"lazy\" decoding=\"async\" width=\"150\" height=\"150\" src=\"https:\/\/limitless-experiences.com\/News\/wp-content\/uploads\/2017\/06\/DSC_0496-150x150.jpg\" class=\"attachment-thumbnail size-thumbnail\" alt=\"\" srcset=\"https:\/\/limitless-experiences.com\/News\/wp-content\/uploads\/2017\/06\/DSC_0496-150x150.jpg 150w, https:\/\/limitless-experiences.com\/News\/wp-content\/uploads\/2017\/06\/DSC_0496-1440x1440.jpg 1440w\" sizes=\"auto, (max-width: 150px) 100vw, 150px\" \/><\/a>\n\t\t\t<\/div><\/figure><figure class='gallery-item'>\n\t\t\t<div class='gallery-icon landscape'>\n\t\t\t\t<a href='https:\/\/limitless-experiences.com\/News\/wp-content\/uploads\/2017\/06\/DSC_0932-e1498039468993.jpg'><img loading=\"lazy\" decoding=\"async\" width=\"150\" height=\"150\" src=\"https:\/\/limitless-experiences.com\/News\/wp-content\/uploads\/2017\/06\/DSC_0932-150x150.jpg\" class=\"attachment-thumbnail size-thumbnail\" alt=\"\" srcset=\"https:\/\/limitless-experiences.com\/News\/wp-content\/uploads\/2017\/06\/DSC_0932-150x150.jpg 150w, https:\/\/limitless-experiences.com\/News\/wp-content\/uploads\/2017\/06\/DSC_0932-1440x1440.jpg 1440w\" sizes=\"auto, (max-width: 150px) 100vw, 150px\" \/><\/a>\n\t\t\t<\/div><\/figure><figure class='gallery-item'>\n\t\t\t<div class='gallery-icon landscape'>\n\t\t\t\t<a href='https:\/\/limitless-experiences.com\/News\/wp-content\/uploads\/2017\/06\/DSC_0762-e1498039341311.jpg'><img loading=\"lazy\" decoding=\"async\" width=\"150\" height=\"150\" src=\"https:\/\/limitless-experiences.com\/News\/wp-content\/uploads\/2017\/06\/DSC_0762-150x150.jpg\" class=\"attachment-thumbnail size-thumbnail\" alt=\"\" srcset=\"https:\/\/limitless-experiences.com\/News\/wp-content\/uploads\/2017\/06\/DSC_0762-150x150.jpg 150w, https:\/\/limitless-experiences.com\/News\/wp-content\/uploads\/2017\/06\/DSC_0762-1440x1440.jpg 1440w\" sizes=\"auto, (max-width: 150px) 100vw, 150px\" \/><\/a>\n\t\t\t<\/div><\/figure><figure class='gallery-item'>\n\t\t\t<div class='gallery-icon landscape'>\n\t\t\t\t<a href='https:\/\/limitless-experiences.com\/News\/wp-content\/uploads\/2017\/06\/Phillipe-Mouris-event-all-images-9799-e1498039367918.jpg'><img loading=\"lazy\" decoding=\"async\" width=\"150\" height=\"150\" src=\"https:\/\/limitless-experiences.com\/News\/wp-content\/uploads\/2017\/06\/Phillipe-Mouris-event-all-images-9799-150x150.jpg\" class=\"attachment-thumbnail size-thumbnail\" alt=\"\" \/><\/a>\n\t\t\t<\/div><\/figure><figure class='gallery-item'>\n\t\t\t<div class='gallery-icon landscape'>\n\t\t\t\t<a href='https:\/\/limitless-experiences.com\/News\/wp-content\/uploads\/2017\/06\/755-e1498039586973.jpg'><img loading=\"lazy\" decoding=\"async\" width=\"150\" height=\"150\" src=\"https:\/\/limitless-experiences.com\/News\/wp-content\/uploads\/2017\/06\/755-150x150.jpg\" class=\"attachment-thumbnail size-thumbnail\" alt=\"\" \/><\/a>\n\t\t\t<\/div><\/figure>\n\t\t<\/div>\n\n<p>Si vous d\u00e9sirez que l\u2019\u00e9quipe Limitless Experiences vous accompagne dans l\u2019organisation de votre s\u00e9minaire team building, n\u2019h\u00e9sitez pas \u00e0\u00a0<a href=\"http:\/\/limitless-experiences.com\/fr\/index.php?p=contact\" target=\"_blank\" rel=\"noopener\"><u>nous contacter<\/u><\/a>.<\/p>\n<p>&nbsp;<\/p>\n","protected":false},"excerpt":{"rendered":"<p>En tant que sp\u00e9cialiste de l\u2019organisation de s\u00e9minaire \u00e0 Marrakech ainsi que dans tout le Maroc, votre agence \u00e9v\u00e9nementielle Limitless Experiences met son exp\u00e9rience ainsi que son savoir-faire \u00e0 votre disposition. Pourquoi organiser un s\u00e9minaire au Maroc\u00a0? Le Maroc est une destination id\u00e9ale pour l\u2019organisation d&rsquo;un s\u00e9minaire o\u00f9 un \u00e9v\u00e9nement &hellip;<\/p>\n","protected":false},"author":1,"featured_media":1031,"parent":0,"menu_order":0,"comment_status":"closed","ping_status":"closed","template":"","meta":{"footnotes":""},"class_list":["post-593","page","type-page","status-publish","has-post-thumbnail","hentry"],"_links":{"self":[{"href":"https:\/\/limitless-experiences.com\/News\/wp-json\/wp\/v2\/pages\/593","targetHints":{"allow":["GET"]}}],"collection":[{"href":"https:\/\/limitless-experiences.com\/News\/wp-json\/wp\/v2\/pages"}],"about":[{"href":"https:\/\/limitless-experiences.com\/News\/wp-json\/wp\/v2\/types\/page"}],"author":[{"embeddable":true,"href":"https:\/\/limitless-experiences.com\/News\/wp-json\/wp\/v2\/users\/1"}],"replies":[{"embeddable":true,"href":"https:\/\/limitless-experiences.com\/News\/wp-json\/wp\/v2\/comments?post=593"}],"version-history":[{"count":10,"href":"https:\/\/limitless-experiences.com\/News\/wp-json\/wp\/v2\/pages\/593\/revisions"}],"predecessor-version":[{"id":1131,"href":"https:\/\/limitless-experiences.com\/News\/wp-json\/wp\/v2\/pages\/593\/revisions\/1131"}],"wp:featuredmedia":[{"embeddable":true,"href":"https:\/\/limitless-experiences.com\/News\/wp-json\/wp\/v2\/media\/1031"}],"wp:attachment":[{"href":"https:\/\/limitless-experiences.com\/News\/wp-json\/wp\/v2\/media?parent=593"}],"curies":[{"name":"wp","href":"https:\/\/api.w.org\/{rel}","templated":true}]}}