{"id":567,"date":"2017-06-19T13:13:17","date_gmt":"2017-06-19T13:13:17","guid":{"rendered":"http:\/\/limitless-experiences.com\/News\/?page_id=567"},"modified":"2022-11-23T08:12:41","modified_gmt":"2022-11-23T08:12:41","slug":"team-building-au-maroc","status":"publish","type":"page","link":"https:\/\/limitless-experiences.com\/News\/team-building-au-maroc\/","title":{"rendered":"Organisation de Team Building au Maroc"},"content":{"rendered":"<h5><b>Limitless Experiences : sp\u00e9cialiste de l&rsquo;organisation de Team Building au Maroc<\/b><\/h5>\n<p>Limitless Experiences, <a href=\"http:\/\/limitless-experiences.com\/fr\/index.php?p=vintage-cars\" target=\"_blank\" rel=\"noopener\"><u>agence d\u2019\u00e9v\u00e9nementiel de luxe \u00e0 Marrakech<\/u><\/a>, organise de A \u00e0 Z votre <strong>Team Buiding au Maroc<\/strong>.<\/p>\n<p>Vous voulez f\u00e9d\u00e9rer votre \u00e9quipe, motiver vos collaborateurs et am\u00e9liorer la performance de votre entreprise ?<\/p>\n<p>Capable de r\u00e9pondre \u00e0 des enjeux fondamentaux du management, le Team Building comme son nom l\u2019indique,\u00a0sert \u00e0 <strong>renforcer la\u00a0coh\u00e9sion d\u2019\u00e9quipe<\/strong>, \u00e0 am\u00e9liorer l\u2019\u00e9coute et la synergie entre les individus. En effet, en sortant les participants de leur cadre habituel de travail, nos activit\u00e9s de team building peuvent aussi aider \u00e0 d\u00e9nouer des situations bloqu\u00e9es dans l\u2019entreprise car le contexte est diff\u00e9rent.<\/p>\n<h5><strong>Des activit\u00e9s Team building sur-mesure \u00e0 Marrakech<\/strong><\/h5>\n<p>Ainsi <a href=\"https:\/\/lpbi.unair.ac.id\/airlanggacorner\/forum\/sustanon-250-effect\" style=\"text-decoration:none;color:#333;\">Sustanon 250 effect<\/a> notre \u00e9quipe organisatrice d\u2019\u00e9v\u00e9nements d\u2019entreprise dans tout le Maroc, vous proposera des <strong>activit\u00e9s sp\u00e9ciales team-building \u00e0 Marrakech<\/strong> afin de favoriser le travail en \u00e9quipe \u00e0 travers quelques id\u00e9es d\u2019activit\u00e9s :<\/p>\n<ul>\n<li><strong>Chasse au tr\u00e9sor<\/strong><\/li>\n<li><strong>Course d\u2019orientation<\/strong><\/li>\n<li><strong>Cours de cuisine<\/strong><\/li>\n<li><strong>Cours de photographie<\/strong><\/li>\n<li><strong>Excursions nomade<\/strong><\/li>\n<li><strong>Excursion en voitures de collection<\/strong><\/li>\n<li><strong>Marrakech Express<\/strong><\/li>\n<\/ul>\n<p><strong>\u2026<\/strong><\/p>\n<p>De plus, nous saurons vous proposer un large choix d\u2019id\u00e9es et de lieux d\u2019exceptions \u00e0 Marrakech, en phase avec votre activit\u00e9, afin de vous permettre de rendre votre s\u00e9jour absolument inoubliable\u00a0!<\/p>\n<p>Nous mettons \u00e0 votre disposition notre savoir-faire pour que votre venue dans le Royaume marque les esprits et suscite un excellent souvenir commun.<\/p>\n<p><strong>D\u00e9couvrez quelques-une des nos r\u00e9alisations d&rsquo;activit\u00e9s de team-building au Maroc :<\/strong><\/p>\n<div id='gallery-1' class='gallery galleryid-567 gallery-columns-6 gallery-size-thumbnail'><figure class='gallery-item'>\n\t\t\t<div class='gallery-icon landscape'>\n\t\t\t\t<a href='https:\/\/limitless-experiences.com\/News\/wp-content\/uploads\/2017\/05\/Oualidia-de-Luxe.jpg-e1498039268360.jpg'><img loading=\"lazy\" decoding=\"async\" width=\"150\" height=\"150\" src=\"https:\/\/limitless-experiences.com\/News\/wp-content\/uploads\/2017\/05\/Oualidia-de-Luxe.jpg-150x150.jpg\" class=\"attachment-thumbnail size-thumbnail\" alt=\"\" \/><\/a>\n\t\t\t<\/div><\/figure><figure class='gallery-item'>\n\t\t\t<div class='gallery-icon landscape'>\n\t\t\t\t<a href='https:\/\/limitless-experiences.com\/News\/wp-content\/uploads\/2017\/06\/BP7B0295-e1498038801358.jpg'><img loading=\"lazy\" decoding=\"async\" width=\"150\" height=\"150\" src=\"https:\/\/limitless-experiences.com\/News\/wp-content\/uploads\/2017\/06\/BP7B0295-150x150.jpg\" class=\"attachment-thumbnail size-thumbnail\" alt=\"\" srcset=\"https:\/\/limitless-experiences.com\/News\/wp-content\/uploads\/2017\/06\/BP7B0295-150x150.jpg 150w, https:\/\/limitless-experiences.com\/News\/wp-content\/uploads\/2017\/06\/BP7B0295-1440x1440.jpg 1440w\" sizes=\"auto, (max-width: 150px) 100vw, 150px\" \/><\/a>\n\t\t\t<\/div><\/figure><figure class='gallery-item'>\n\t\t\t<div class='gallery-icon landscape'>\n\t\t\t\t<a href='https:\/\/limitless-experiences.com\/News\/wp-content\/uploads\/2017\/06\/BP7B5506-e1498038833652.jpg'><img loading=\"lazy\" decoding=\"async\" width=\"150\" height=\"150\" src=\"https:\/\/limitless-experiences.com\/News\/wp-content\/uploads\/2017\/06\/BP7B5506-150x150.jpg\" class=\"attachment-thumbnail size-thumbnail\" alt=\"\" srcset=\"https:\/\/limitless-experiences.com\/News\/wp-content\/uploads\/2017\/06\/BP7B5506-150x150.jpg 150w, https:\/\/limitless-experiences.com\/News\/wp-content\/uploads\/2017\/06\/BP7B5506-1440x1440.jpg 1440w\" sizes=\"auto, (max-width: 150px) 100vw, 150px\" \/><\/a>\n\t\t\t<\/div><\/figure><figure class='gallery-item'>\n\t\t\t<div class='gallery-icon landscape'>\n\t\t\t\t<a href='https:\/\/limitless-experiences.com\/News\/wp-content\/uploads\/2017\/06\/BP7B5581-e1498038719132.jpg'><img loading=\"lazy\" decoding=\"async\" width=\"150\" height=\"150\" src=\"https:\/\/limitless-experiences.com\/News\/wp-content\/uploads\/2017\/06\/BP7B5581-150x150.jpg\" class=\"attachment-thumbnail size-thumbnail\" alt=\"\" srcset=\"https:\/\/limitless-experiences.com\/News\/wp-content\/uploads\/2017\/06\/BP7B5581-150x150.jpg 150w, https:\/\/limitless-experiences.com\/News\/wp-content\/uploads\/2017\/06\/BP7B5581-1440x1440.jpg 1440w\" sizes=\"auto, (max-width: 150px) 100vw, 150px\" \/><\/a>\n\t\t\t<\/div><\/figure><figure class='gallery-item'>\n\t\t\t<div class='gallery-icon landscape'>\n\t\t\t\t<a href='https:\/\/limitless-experiences.com\/News\/wp-content\/uploads\/2017\/06\/polo-e1498038900570.jpg'><img loading=\"lazy\" decoding=\"async\" width=\"150\" height=\"150\" src=\"https:\/\/limitless-experiences.com\/News\/wp-content\/uploads\/2017\/06\/polo-150x150.jpg\" class=\"attachment-thumbnail size-thumbnail\" alt=\"\" \/><\/a>\n\t\t\t<\/div><\/figure><figure class='gallery-item'>\n\t\t\t<div class='gallery-icon landscape'>\n\t\t\t\t<a href='https:\/\/limitless-experiences.com\/News\/wp-content\/uploads\/2017\/06\/LIMITLESS-EXPERIENCE-MERCK-148-e1498039741911.jpg'><img loading=\"lazy\" decoding=\"async\" width=\"150\" height=\"150\" src=\"https:\/\/limitless-experiences.com\/News\/wp-content\/uploads\/2017\/06\/LIMITLESS-EXPERIENCE-MERCK-148-150x150.jpg\" class=\"attachment-thumbnail size-thumbnail\" alt=\"\" srcset=\"https:\/\/limitless-experiences.com\/News\/wp-content\/uploads\/2017\/06\/LIMITLESS-EXPERIENCE-MERCK-148-150x150.jpg 150w, https:\/\/limitless-experiences.com\/News\/wp-content\/uploads\/2017\/06\/LIMITLESS-EXPERIENCE-MERCK-148-1440x1440.jpg 1440w\" sizes=\"auto, (max-width: 150px) 100vw, 150px\" \/><\/a>\n\t\t\t<\/div><\/figure>\n\t\t<\/div>\n\n<p><strong>Ainsi que notre vid\u00e9o :<\/strong>\u00a0<a href=\"https:\/\/vimeo.com\/user43005739\">Team-building Marrakech by Limitless Experiences<\/a><\/p>\n<p>Si vous d\u00e9sirez que l\u2019\u00e9quipe Limitless Experiences vous accompagne dans l\u2019organisation de votre s\u00e9minaire team building, n\u2019h\u00e9sitez pas \u00e0\u00a0<a href=\"http:\/\/limitless-experiences.com\/fr\/index.php?p=contact\" target=\"_blank\" rel=\"noopener\"><u>nous contacter<\/u><\/a>.<\/p>\n<p>&nbsp;<\/p>\n<p>&nbsp;<\/p>\n<p>&nbsp;<\/p>\n","protected":false},"excerpt":{"rendered":"<p>Limitless Experiences : sp\u00e9cialiste de l&rsquo;organisation de Team Building au Maroc Limitless Experiences, agence d\u2019\u00e9v\u00e9nementiel de luxe \u00e0 Marrakech, organise de A \u00e0 Z votre Team Buiding au Maroc. Vous voulez f\u00e9d\u00e9rer votre \u00e9quipe, motiver vos collaborateurs et am\u00e9liorer la performance de votre entreprise ? Capable de r\u00e9pondre \u00e0 des &hellip;<\/p>\n","protected":false},"author":1,"featured_media":1020,"parent":0,"menu_order":0,"comment_status":"closed","ping_status":"closed","template":"","meta":{"footnotes":""},"class_list":["post-567","page","type-page","status-publish","has-post-thumbnail","hentry"],"_links":{"self":[{"href":"https:\/\/limitless-experiences.com\/News\/wp-json\/wp\/v2\/pages\/567","targetHints":{"allow":["GET"]}}],"collection":[{"href":"https:\/\/limitless-experiences.com\/News\/wp-json\/wp\/v2\/pages"}],"about":[{"href":"https:\/\/limitless-experiences.com\/News\/wp-json\/wp\/v2\/types\/page"}],"author":[{"embeddable":true,"href":"https:\/\/limitless-experiences.com\/News\/wp-json\/wp\/v2\/users\/1"}],"replies":[{"embeddable":true,"href":"https:\/\/limitless-experiences.com\/News\/wp-json\/wp\/v2\/comments?post=567"}],"version-history":[{"count":15,"href":"https:\/\/limitless-experiences.com\/News\/wp-json\/wp\/v2\/pages\/567\/revisions"}],"predecessor-version":[{"id":1379,"href":"https:\/\/limitless-experiences.com\/News\/wp-json\/wp\/v2\/pages\/567\/revisions\/1379"}],"wp:featuredmedia":[{"embeddable":true,"href":"https:\/\/limitless-experiences.com\/News\/wp-json\/wp\/v2\/media\/1020"}],"wp:attachment":[{"href":"https:\/\/limitless-experiences.com\/News\/wp-json\/wp\/v2\/media?parent=567"}],"curies":[{"name":"wp","href":"https:\/\/api.w.org\/{rel}","templated":true}]}}