{"id":491,"date":"2017-06-19T10:20:37","date_gmt":"2017-06-19T10:20:37","guid":{"rendered":"http:\/\/limitless-experiences.com\/News\/?page_id=491"},"modified":"2018-05-09T11:47:12","modified_gmt":"2018-05-09T11:47:12","slug":"anniversaire-vip-a-marrakech","status":"publish","type":"page","link":"https:\/\/limitless-experiences.com\/News\/anniversaire-vip-a-marrakech\/","title":{"rendered":"Organisation de votre anniversaire VIP \u00e0 Marrakech"},"content":{"rendered":"<p>Vous souhaitez faire de l\u2019organisation de votre anniversaire \u00e0 Marrakech un \u00e9v\u00e9nement inoubliable dans lequel vos amis et vous-m\u00eame passeront un moment magique ? Limitless Experiences se charge de vous offrir un vaste choix de programme sur-mesure, du plus classique au plus insolite : excursion dans le d\u00e9sert d&rsquo;Agafay, <strong><a href=\"http:\/\/limitless-experiences.com\/fr\/index.php?p=helicoptere-private-flights\" target=\"_blank\" rel=\"noopener\">transport en jet priv\u00e9 depuis Marrakech<\/a><\/strong>, <strong><a href=\"http:\/\/limitless-experiences.com\/fr\/index.php?p=vintage-cars\" target=\"_blank\" rel=\"noopener\">balade en voiture de collection<\/a><\/strong>, tour en montgolfi\u00e8re&#8230; et bien d&rsquo;autres id\u00e9es dont l&rsquo;agence d&rsquo;\u00e9v\u00e9nementiel de Marrakech a le secret.<\/p>\n<div id='gallery-1' class='gallery galleryid-491 gallery-columns-6 gallery-size-thumbnail'><figure class='gallery-item'>\n\t\t\t<div class='gallery-icon landscape'>\n\t\t\t\t<a href='https:\/\/limitless-experiences.com\/News\/wp-content\/uploads\/2017\/06\/DSC07932-Copier-e1498041476996.jpg'><img loading=\"lazy\" decoding=\"async\" width=\"150\" height=\"150\" src=\"https:\/\/limitless-experiences.com\/News\/wp-content\/uploads\/2017\/06\/DSC07932-Copier-150x150.jpg\" class=\"attachment-thumbnail size-thumbnail\" alt=\"\" aria-describedby=\"gallery-1-508\" \/><\/a>\n\t\t\t<\/div>\n\t\t\t\t<figcaption class='wp-caption-text gallery-caption' id='gallery-1-508'>\n\t\t\t\tUne mise en place personnalisable de votre espace priv\u00e9 pour votre anniversaire\n\t\t\t\t<\/figcaption><\/figure><figure class='gallery-item'>\n\t\t\t<div class='gallery-icon landscape'>\n\t\t\t\t<a href='https:\/\/limitless-experiences.com\/News\/wp-content\/uploads\/2017\/06\/Alice-et-Jerome-0943-e1498042044863.jpg'><img loading=\"lazy\" decoding=\"async\" width=\"150\" height=\"150\" src=\"https:\/\/limitless-experiences.com\/News\/wp-content\/uploads\/2017\/06\/Alice-et-Jerome-0943-150x150.jpg\" class=\"attachment-thumbnail size-thumbnail\" alt=\"\" srcset=\"https:\/\/limitless-experiences.com\/News\/wp-content\/uploads\/2017\/06\/Alice-et-Jerome-0943-150x150.jpg 150w, https:\/\/limitless-experiences.com\/News\/wp-content\/uploads\/2017\/06\/Alice-et-Jerome-0943-1440x1440.jpg 1440w\" sizes=\"auto, (max-width: 150px) 100vw, 150px\" \/><\/a>\n\t\t\t<\/div><\/figure><figure class='gallery-item'>\n\t\t\t<div class='gallery-icon landscape'>\n\t\t\t\t<a href='https:\/\/limitless-experiences.com\/News\/wp-content\/uploads\/2017\/06\/DSC07909-Copier-e1498041490805.jpg'><img loading=\"lazy\" decoding=\"async\" width=\"150\" height=\"150\" src=\"https:\/\/limitless-experiences.com\/News\/wp-content\/uploads\/2017\/06\/DSC07909-Copier-150x150.jpg\" class=\"attachment-thumbnail size-thumbnail\" alt=\"\" aria-describedby=\"gallery-1-505\" \/><\/a>\n\t\t\t<\/div>\n\t\t\t\t<figcaption class='wp-caption-text gallery-caption' id='gallery-1-505'>\n\t\t\t\tLimitless Experiences organise votre anniversaire au c\u0153ur du d\u00e9sert d&rsquo;Agafay au Maroc\n\t\t\t\t<\/figcaption><\/figure><figure class='gallery-item'>\n\t\t\t<div class='gallery-icon landscape'>\n\t\t\t\t<a href='https:\/\/limitless-experiences.com\/News\/wp-content\/uploads\/2017\/06\/anniversary-philippe476-Copier-e1498042071681.jpg'><img loading=\"lazy\" decoding=\"async\" width=\"150\" height=\"150\" src=\"https:\/\/limitless-experiences.com\/News\/wp-content\/uploads\/2017\/06\/anniversary-philippe476-Copier-150x150.jpg\" class=\"attachment-thumbnail size-thumbnail\" alt=\"\" aria-describedby=\"gallery-1-495\" \/><\/a>\n\t\t\t<\/div>\n\t\t\t\t<figcaption class='wp-caption-text gallery-caption' id='gallery-1-495'>\n\t\t\t\tFeu de camp VIP au Maroc avec l&rsquo;agence d&rsquo;\u00e9v\u00e9nement haut de gamme du Maroc\n\t\t\t\t<\/figcaption><\/figure><figure class='gallery-item'>\n\t\t\t<div class='gallery-icon landscape'>\n\t\t\t\t<a href='https:\/\/limitless-experiences.com\/News\/wp-content\/uploads\/2017\/06\/Palais-Rhoul_65301-1440x697-e1498042147222.jpeg'><img loading=\"lazy\" decoding=\"async\" width=\"150\" height=\"150\" src=\"https:\/\/limitless-experiences.com\/News\/wp-content\/uploads\/2017\/06\/Palais-Rhoul_65301-1440x697-150x150.jpeg\" class=\"attachment-thumbnail size-thumbnail\" alt=\"\" aria-describedby=\"gallery-1-478\" \/><\/a>\n\t\t\t<\/div>\n\t\t\t\t<figcaption class='wp-caption-text gallery-caption' id='gallery-1-478'>\n\t\t\t\t\u00c9v\u00e9nements professionnels de luxe au Maroc\n\t\t\t\t<\/figcaption><\/figure><figure class='gallery-item'>\n\t\t\t<div class='gallery-icon landscape'>\n\t\t\t\t<a href='https:\/\/limitless-experiences.com\/News\/wp-content\/uploads\/2017\/06\/DSC07796-Copier-e1498042088454.jpg'><img loading=\"lazy\" decoding=\"async\" width=\"150\" height=\"150\" src=\"https:\/\/limitless-experiences.com\/News\/wp-content\/uploads\/2017\/06\/DSC07796-Copier-150x150.jpg\" class=\"attachment-thumbnail size-thumbnail\" alt=\"\" aria-describedby=\"gallery-1-502\" \/><\/a>\n\t\t\t<\/div>\n\t\t\t\t<figcaption class='wp-caption-text gallery-caption' id='gallery-1-502'>\n\t\t\t\tUn anniversaire sur-mesure au Maroc au son des instruments traditionnels au coeur du d\u00e9sert d&rsquo;Agafay\n\t\t\t\t<\/figcaption><\/figure>\n\t\t<\/div>\n\n<p>&nbsp;<\/p>\n<p>&nbsp;<\/p>\n","protected":false},"excerpt":{"rendered":"<p>Vous souhaitez faire de l\u2019organisation de votre anniversaire \u00e0 Marrakech un \u00e9v\u00e9nement inoubliable dans lequel vos amis et vous-m\u00eame passeront un moment magique ? Limitless Experiences se charge de vous offrir un vaste choix de programme sur-mesure, du plus classique au plus insolite : excursion dans le d\u00e9sert d&rsquo;Agafay, transport &hellip;<\/p>\n","protected":false},"author":1,"featured_media":492,"parent":0,"menu_order":0,"comment_status":"closed","ping_status":"closed","template":"","meta":{"footnotes":""},"class_list":["post-491","page","type-page","status-publish","has-post-thumbnail","hentry"],"_links":{"self":[{"href":"https:\/\/limitless-experiences.com\/News\/wp-json\/wp\/v2\/pages\/491","targetHints":{"allow":["GET"]}}],"collection":[{"href":"https:\/\/limitless-experiences.com\/News\/wp-json\/wp\/v2\/pages"}],"about":[{"href":"https:\/\/limitless-experiences.com\/News\/wp-json\/wp\/v2\/types\/page"}],"author":[{"embeddable":true,"href":"https:\/\/limitless-experiences.com\/News\/wp-json\/wp\/v2\/users\/1"}],"replies":[{"embeddable":true,"href":"https:\/\/limitless-experiences.com\/News\/wp-json\/wp\/v2\/comments?post=491"}],"version-history":[{"count":27,"href":"https:\/\/limitless-experiences.com\/News\/wp-json\/wp\/v2\/pages\/491\/revisions"}],"predecessor-version":[{"id":513,"href":"https:\/\/limitless-experiences.com\/News\/wp-json\/wp\/v2\/pages\/491\/revisions\/513"}],"wp:featuredmedia":[{"embeddable":true,"href":"https:\/\/limitless-experiences.com\/News\/wp-json\/wp\/v2\/media\/492"}],"wp:attachment":[{"href":"https:\/\/limitless-experiences.com\/News\/wp-json\/wp\/v2\/media?parent=491"}],"curies":[{"name":"wp","href":"https:\/\/api.w.org\/{rel}","templated":true}]}}