{"id":451,"date":"2017-06-16T15:09:38","date_gmt":"2017-06-16T15:09:38","guid":{"rendered":"http:\/\/limitless-experiences.com\/News\/?page_id=451"},"modified":"2018-05-08T13:08:43","modified_gmt":"2018-05-08T13:08:43","slug":"evenements-professionnels-de-luxe-au-maroc","status":"publish","type":"page","link":"https:\/\/limitless-experiences.com\/News\/evenement-haut-de-gamme-marrakech\/evenements-professionnels-de-luxe-au-maroc\/","title":{"rendered":"\u00c9v\u00e9nements professionnels de luxe au Maroc"},"content":{"rendered":"<p>L\u2019\u00e9quipe<strong> <a href=\"http:\/\/limitless-experiences.com\/fr\/\" target=\"_blank\" rel=\"noopener\">Limitless Experiences<\/a><\/strong> vous accompagne de A \u00e0 Z dans l\u2019organisation de vos <strong><a href=\"http:\/\/limitless-experiences.com\/fr\/index.php?p=skills\">\u00e9v\u00e9nements professionnels au Maroc<\/a><\/strong>\u00a0\u00a0: Incentive, S\u00e9minaire, Team Building, Lancement de produit, Soir\u00e9e de gala\u2026<\/p>\n<h5><strong>Organisation Incentive, S\u00e9minaire, Team Building, Lancement de produit, Soir\u00e9e de gala \u00e0 Marrakech<\/strong><\/h5>\n<p>Vous voulez organiser un \u00e9v\u00e9nement d\u2019entreprise au Maroc ? Vous souhaitez r\u00e9compenser vos collaborateurs ou bien pr\u00e9senter le lancement d\u2019un nouveau produit \u00e0 Marrakech\u00a0? Nous sommes \u00e0 vos c\u00f4t\u00e9s pour vous conseiller et mener \u00e0 bien votre mission.<\/p>\n<p>Fort de notre exp\u00e9rience dans le domaine du s\u00e9jour d\u2019entreprise au Maroc, notre <strong>agence \u00e9v\u00e9nementielle haut de gamme \u00e0 Marrakech<\/strong> saura vous proposer un programme sur-mesure, dans des espaces extr\u00eamement vari\u00e9s et hors des sentiers battus, qui sauront parfaitement s\u2019adapter \u00e0 votre domaine d\u2019activit\u00e9.<\/p>\n<p>Pour ce faire, nous mettons \u00e0 votre disposition tout notre savoir-faire, notre cr\u00e9ativit\u00e9 ainsi que notre souci du d\u00e9tail afin que votre \u00e9v\u00e9nement d\u2019entreprise puisse marquer les esprits de chaque participants.<\/p>\n<h5><strong>Pourquoi faire un s\u00e9minaire au Maroc ?<\/strong><\/h5>\n<p>En effet, organiser un s\u00e9minaire au Maroc vous offre de nombreux avantages :<br \/>\n-la destination pr\u00e9sente des h\u00e9bergements riches et vari\u00e9s<br \/>\n-la beaut\u00e9 et la diversit\u00e9 des paysages offrent un r\u00e9el d\u00e9paysement pour vos collaborateurs ou vos clients<br \/>\n-\u00e0 environ 3h des principales capitales europ\u00e9ennes<br \/>\n-un tr\u00e8s large choix de lieux et d\u2019activit\u00e9s<br \/>\n-une offre h\u00f4teli\u00e8re importante<br \/>\n-une m\u00e9t\u00e9o tr\u00e8s favorable<\/p>\n<h5><strong>Pour qui ?<\/strong><\/h5>\n<p>Qu\u2019il s\u2019agisse d\u2019un\u00a0s\u00e9minaire m\u00e9dical \u00e0 Marrakech, d\u2019un\u00a0s\u00e9jour incentive en plein d\u00e9sert au Maroc o\u00f9 bien de l\u2019organisation d\u2019un circuit\u00a0team building de qualit\u00e9, Limitless Experiences sera votre partenaire pour faire de votre venue, un v\u00e9ritable \u00e9v\u00e9nement pour votre entreprise.<\/p>\n<p>&nbsp;<\/p>\n<p>Votre agence \u00e9v\u00e9nementiel \u00e0 Marrakech Limitless Experiences est\u00a0l\u00e0\u00a0avant tout pour vous proposer des \u00e9v\u00e9nements d\u2019entreprise sur-mesure au Maroc dans le lieu de votre choix, alors n\u2019h\u00e9sitez pas \u00e0 nous formulez vos demandes, nous nous occupons du reste.<\/p>\n<p>&nbsp;<\/p>\n<figure id=\"attachment_712\" aria-describedby=\"caption-attachment-712\" style=\"width: 330px\" class=\"wp-caption alignleft\"><a href=\"https:\/\/limitless-experiences.com\/News\/team-building-au-maroc\/\"><img loading=\"lazy\" decoding=\"async\" class=\"wp-image-712\" src=\"https:\/\/limitless-experiences.com\/News\/wp-content\/uploads\/2017\/06\/BP7B0076-1-150x150.jpg\" alt=\"\" width=\"330\" height=\"220\" srcset=\"https:\/\/limitless-experiences.com\/News\/wp-content\/uploads\/2017\/06\/BP7B0076-1-300x200.jpg 300w, https:\/\/limitless-experiences.com\/News\/wp-content\/uploads\/2017\/06\/BP7B0076-1-768x512.jpg 768w, https:\/\/limitless-experiences.com\/News\/wp-content\/uploads\/2017\/06\/BP7B0076-1-1440x960.jpg 1440w\" sizes=\"auto, (max-width: 330px) 100vw, 330px\" \/><\/a><figcaption id=\"caption-attachment-712\" class=\"wp-caption-text\">Team Building au Maroc<\/figcaption><\/figure>\n<figure id=\"attachment_1027\" aria-describedby=\"caption-attachment-1027\" style=\"width: 330px\" class=\"wp-caption alignright\"><a href=\"https:\/\/limitless-experiences.com\/News\/organisation-de-votre-seminaire-a-marrakech\/\"><img loading=\"lazy\" decoding=\"async\" class=\"wp-image-1027 size-full\" src=\"https:\/\/limitless-experiences.com\/News\/wp-content\/uploads\/2018\/04\/seminaire-1.png\" alt=\"\" width=\"330\" height=\"220\" srcset=\"https:\/\/limitless-experiences.com\/News\/wp-content\/uploads\/2018\/04\/seminaire-1.png 330w, https:\/\/limitless-experiences.com\/News\/wp-content\/uploads\/2018\/04\/seminaire-1-300x200.png 300w\" sizes=\"auto, (max-width: 330px) 100vw, 330px\" \/><\/a><figcaption id=\"caption-attachment-1027\" class=\"wp-caption-text\">S\u00e9minaire \u00e0 Marrakech<\/figcaption><\/figure>\n<p>&nbsp;<\/p>\n<p>&nbsp;<\/p>\n<p>&nbsp;<\/p>\n<p>&nbsp;<\/p>\n<p>&nbsp;<\/p>\n<p>&nbsp;<\/p>\n<p>&nbsp;<\/p>\n<p>&nbsp;<\/p>\n<p>&nbsp;<\/p>\n<figure id=\"attachment_1034\" aria-describedby=\"caption-attachment-1034\" style=\"width: 330px\" class=\"wp-caption alignleft\"><a href=\"https:\/\/limitless-experiences.com\/News\/votre-soiree-de-gala-au-maroc\/\"><img loading=\"lazy\" decoding=\"async\" class=\"wp-image-1034 size-full\" src=\"https:\/\/limitless-experiences.com\/News\/wp-content\/uploads\/2018\/04\/soiree-de-gala.png\" alt=\"\" width=\"330\" height=\"220\" srcset=\"https:\/\/limitless-experiences.com\/News\/wp-content\/uploads\/2018\/04\/soiree-de-gala.png 330w, https:\/\/limitless-experiences.com\/News\/wp-content\/uploads\/2018\/04\/soiree-de-gala-300x200.png 300w\" sizes=\"auto, (max-width: 330px) 100vw, 330px\" \/><\/a><figcaption id=\"caption-attachment-1034\" class=\"wp-caption-text\">Soir\u00e9e de Gala Essaouira<\/figcaption><\/figure>\n","protected":false},"excerpt":{"rendered":"<p>L\u2019\u00e9quipe Limitless Experiences vous accompagne de A \u00e0 Z dans l\u2019organisation de vos \u00e9v\u00e9nements professionnels au Maroc\u00a0\u00a0: Incentive, S\u00e9minaire, Team Building, Lancement de produit, Soir\u00e9e de gala\u2026 Organisation Incentive, S\u00e9minaire, Team Building, Lancement de produit, Soir\u00e9e de gala \u00e0 Marrakech Vous voulez organiser un \u00e9v\u00e9nement d\u2019entreprise au Maroc ? Vous &hellip;<\/p>\n","protected":false},"author":1,"featured_media":1033,"parent":427,"menu_order":0,"comment_status":"closed","ping_status":"closed","template":"","meta":{"footnotes":""},"class_list":["post-451","page","type-page","status-publish","has-post-thumbnail","hentry"],"_links":{"self":[{"href":"https:\/\/limitless-experiences.com\/News\/wp-json\/wp\/v2\/pages\/451","targetHints":{"allow":["GET"]}}],"collection":[{"href":"https:\/\/limitless-experiences.com\/News\/wp-json\/wp\/v2\/pages"}],"about":[{"href":"https:\/\/limitless-experiences.com\/News\/wp-json\/wp\/v2\/types\/page"}],"author":[{"embeddable":true,"href":"https:\/\/limitless-experiences.com\/News\/wp-json\/wp\/v2\/users\/1"}],"replies":[{"embeddable":true,"href":"https:\/\/limitless-experiences.com\/News\/wp-json\/wp\/v2\/comments?post=451"}],"version-history":[{"count":45,"href":"https:\/\/limitless-experiences.com\/News\/wp-json\/wp\/v2\/pages\/451\/revisions"}],"predecessor-version":[{"id":1122,"href":"https:\/\/limitless-experiences.com\/News\/wp-json\/wp\/v2\/pages\/451\/revisions\/1122"}],"up":[{"embeddable":true,"href":"https:\/\/limitless-experiences.com\/News\/wp-json\/wp\/v2\/pages\/427"}],"wp:featuredmedia":[{"embeddable":true,"href":"https:\/\/limitless-experiences.com\/News\/wp-json\/wp\/v2\/media\/1033"}],"wp:attachment":[{"href":"https:\/\/limitless-experiences.com\/News\/wp-json\/wp\/v2\/media?parent=451"}],"curies":[{"name":"wp","href":"https:\/\/api.w.org\/{rel}","templated":true}]}}