{"id":1079,"date":"2018-05-07T15:10:02","date_gmt":"2018-05-07T15:10:02","guid":{"rendered":"http:\/\/limitless-experiences.com\/News\/?page_id=1079"},"modified":"2018-05-08T10:30:41","modified_gmt":"2018-05-08T10:30:41","slug":"le-musee-yves-saint-laurent-marrakech-accessible-au-public","status":"publish","type":"page","link":"https:\/\/limitless-experiences.com\/News\/le-musee-yves-saint-laurent-marrakech-accessible-au-public\/","title":{"rendered":"Le mus\u00e9e Yves Saint Laurent Marrakech accessible au public"},"content":{"rendered":"<p>Apr\u00e8s trois ans de travaux, <strong>le mus\u00e9e \u00ab\u00a0Yves Saint Laurent Marrakech\u00a0\u00bb (mYSLm)<\/strong>, a \u00e9t\u00e9 inaugur\u00e9 par l<strong>a Princesse Lalla Salma.<\/strong><\/p>\n<h5>L&rsquo;\u00e9v\u00e9nement culturel de la rentr\u00e9e !<\/h5>\n<p>Apr\u00e8s une ouverture \u00e0 Paris fin septembre, le mus\u00e9e Yves Saint Laurent ouvre ses portes \u00e0 Marrakech. par la princesse Lalla Salma, le lieu accueille d\u00e8s aujourd&rsquo;hui le grand public.<\/p>\n<p>Situ\u00e9 \u00e0 proximit\u00e9 du c\u00e9l\u00e8bre <a href=\"http:\/\/www.jardinmajorelle.com\/\" target=\"_blank\" rel=\"noopener\"><strong>Jardin Majorelle<\/strong><\/a>, le nouveau mus\u00e9e, con\u00e7u et \u00e9difi\u00e9 par le cabinet d\u2019architectes marrakchi Studio KO, s\u2019\u00e9tend sur 4000 m2 et se pr\u00e9sente comme un assemblage de cubes, habill\u00e9s de briques. A l\u2019int\u00e9rieur, une partie de la collection de <a href=\"https:\/\/museeyslparis.com\/fondation\" target=\"_blank\" rel=\"noopener\"><strong>la Fondation \u00ab\u00a0Pierre Berg\u00e9-Yves Saint Laurent\u00a0\u00bb<\/strong><\/a>, qui comprend des v\u00eatements et des accessoires de haute couture, ainsi que des dessins et objets divers, est mise en valeur dans un espace d\u2019exposition permanente de 400 m2.<\/p>\n<p>On y d\u00e9couvre ainsi la tr\u00e8s c\u00e9l\u00e8bre\u00a0<strong>cape Bougainvillier<\/strong> inspir\u00e9e par le jardin Majorelle, <strong>les vestes brod\u00e9es Van Gogh<\/strong>, la <strong>robe Mondrian<\/strong> entre autres. Pour mieux appr\u00e9cier ces merveilles, le visiteur est plong\u00e9 dans le noir et guid\u00e9 par une sc\u00e9nographie originale sign\u00e9e <strong>Christophe Martin<\/strong>.<\/p>\n<p>Le b\u00e2timent abrite \u00e9galement une salle d\u2019exposition temporaire de 150 m2, un auditorium de 130 places, une boutique-librairie, un caf\u00e9-restaurant dot\u00e9 d\u2019une terrasse et d\u2019une biblioth\u00e8que de recherche. Celle-ci compte quelque <strong>5 000 ouvrages d\u00e9di\u00e9s \u00e0 l\u2019\u0153uvre d\u2019Yves Saint Laurent<\/strong> et \u00e0 la mode, mais aussi \u00e0 la litt\u00e9rature, la po\u00e9sie, l\u2019histoire et la g\u00e9ographie andalou-arabes, la botanique, la culture berb\u00e8re.<\/p>\n<p>&nbsp;<\/p>\n<p><img loading=\"lazy\" decoding=\"async\" class=\"size-thumbnail wp-image-1101 alignleft\" src=\"https:\/\/limitless-experiences.com\/News\/wp-content\/uploads\/2018\/05\/ec7aa1756b379cc9d31df16f9b371608-yves-saint-laurent-croquis-150x150.jpg\" alt=\"\" width=\"150\" height=\"150\" \/> <img loading=\"lazy\" decoding=\"async\" class=\"size-thumbnail wp-image-1102 alignright\" src=\"https:\/\/limitless-experiences.com\/News\/wp-content\/uploads\/2018\/05\/3c76a0141b84212652ab5d5fb8060f28-150x150.jpg\" alt=\"\" width=\"150\" height=\"150\" \/> <img loading=\"lazy\" decoding=\"async\" class=\"size-thumbnail wp-image-1103 alignleft\" src=\"https:\/\/limitless-experiences.com\/News\/wp-content\/uploads\/2018\/05\/a825950689a234d3aa5f74ba41c53759-150x150.jpg\" alt=\"\" width=\"150\" height=\"150\" \/><\/p>\n<p>&nbsp;<\/p>\n<p>Un magnifique centre culturel \u00e0 d\u00e9couvrir \u00e0 partir du 19 octobre.<br \/>\nTarifs : \u00e0 partir de 60 DH.<br \/>\n<strong>Rue Yves Saint Laurent, Marrakech.<\/strong><\/p>\n<p>&nbsp;<\/p>\n","protected":false},"excerpt":{"rendered":"<p>Apr\u00e8s trois ans de travaux, le mus\u00e9e \u00ab\u00a0Yves Saint Laurent Marrakech\u00a0\u00bb (mYSLm), a \u00e9t\u00e9 inaugur\u00e9 par la Princesse Lalla Salma. L&rsquo;\u00e9v\u00e9nement culturel de la rentr\u00e9e ! Apr\u00e8s une ouverture \u00e0 Paris fin septembre, le mus\u00e9e Yves Saint Laurent ouvre ses portes \u00e0 Marrakech. par la princesse Lalla Salma, le lieu &hellip;<\/p>\n","protected":false},"author":1,"featured_media":1108,"parent":0,"menu_order":0,"comment_status":"closed","ping_status":"closed","template":"","meta":{"footnotes":""},"class_list":["post-1079","page","type-page","status-publish","has-post-thumbnail","hentry"],"_links":{"self":[{"href":"https:\/\/limitless-experiences.com\/News\/wp-json\/wp\/v2\/pages\/1079","targetHints":{"allow":["GET"]}}],"collection":[{"href":"https:\/\/limitless-experiences.com\/News\/wp-json\/wp\/v2\/pages"}],"about":[{"href":"https:\/\/limitless-experiences.com\/News\/wp-json\/wp\/v2\/types\/page"}],"author":[{"embeddable":true,"href":"https:\/\/limitless-experiences.com\/News\/wp-json\/wp\/v2\/users\/1"}],"replies":[{"embeddable":true,"href":"https:\/\/limitless-experiences.com\/News\/wp-json\/wp\/v2\/comments?post=1079"}],"version-history":[{"count":9,"href":"https:\/\/limitless-experiences.com\/News\/wp-json\/wp\/v2\/pages\/1079\/revisions"}],"predecessor-version":[{"id":1115,"href":"https:\/\/limitless-experiences.com\/News\/wp-json\/wp\/v2\/pages\/1079\/revisions\/1115"}],"wp:featuredmedia":[{"embeddable":true,"href":"https:\/\/limitless-experiences.com\/News\/wp-json\/wp\/v2\/media\/1108"}],"wp:attachment":[{"href":"https:\/\/limitless-experiences.com\/News\/wp-json\/wp\/v2\/media?parent=1079"}],"curies":[{"name":"wp","href":"https:\/\/api.w.org\/{rel}","templated":true}]}}