{"id":1072,"date":"2018-05-07T14:54:11","date_gmt":"2018-05-07T14:54:11","guid":{"rendered":"http:\/\/limitless-experiences.com\/News\/?page_id=1072"},"modified":"2018-05-07T15:28:20","modified_gmt":"2018-05-07T15:28:20","slug":"cristiano-ronaldo-ouvrira-son-hotel-a-marrakech-en-2019","status":"publish","type":"page","link":"https:\/\/limitless-experiences.com\/News\/cristiano-ronaldo-ouvrira-son-hotel-a-marrakech-en-2019\/","title":{"rendered":"Cristiano Ronaldo ouvrira son h\u00f4tel \u00e0 Marrakech en 2019"},"content":{"rendered":"<p>C\u2019est officiel, la star du football <strong>Christiano Ronaldo<\/strong> a sign\u00e9 l\u2019ouverture prochaine de son <strong>h\u00f4tel \u00e0 Marrakech en 2019, Pestana CR7<\/strong> sur l\u2019avenue M \u00e0 <strong>Marrakech<\/strong>, dont le lancement est pr\u00e9vu pour 2019.<\/p>\n<p>Le groupe Pestana, qui compte d\u00e9j\u00e0 une unit\u00e9 h\u00f4teli\u00e8re \u00e0 Casablanca, souhaite renforcer sa pr\u00e9sence au Maroc en ouvrant deux <strong>h\u00f4tels Pestana CR7 et Pestana Marrakech Medina<\/strong>, avec des capacit\u00e9s d\u2019accueil respectives de 164 et 224 chambres.<br \/>\nL\u2019h\u00f4tel, dont l\u2019ouverture est attendue pour 2019, apr\u00e8s 18 mois de travaux, sera similaire aux deux premi\u00e8res unit\u00e9s Pestana CR7 ouvertes \u00e0 Funchal, \u00e0 Mad\u00e8re (l\u2019\u00eele natale du joueur), et \u00e0 Lisbonne. <strong>Un h\u00f4tel Life-style<\/strong> avec un design moderne qui mise entre autres sur l\u2019innovation et l\u2019accessibilit\u00e9 de la technologie.<\/p>\n<p><em>\u00ab\u00a0Nous sommes ravis de faire partie de ce projet. Marrakech est une destination \u00e0 succ\u00e8s et de plus en plus sophistiqu\u00e9e, l\u2019environnement parfait pour l\u2019installation de grandes enseignes d\u2019h\u00f4tels-boutiques\u00a0\u00bb,<\/em> a d\u00e9clar\u00e9 Jose Roquette, responsable du d\u00e9veloppement du groupe Pestana Hotel.<\/p>\n<p>Ce projet unique de promotion immobili\u00e8re, adjacent au<strong> Four Seasons Resort Marrakech<\/strong>, verra la cr\u00e9ation d\u2019un nouveau centre-ville qui redynamisera Marrakech et offrira une combinaison novatrice de propri\u00e9t\u00e9s, notamment des r\u00e9sidences priv\u00e9es Four Seasons, <strong>l&rsquo;h\u00f4tel Pestana CR7<\/strong>, des boutiques, des restaurants, des caf\u00e9s, des bureaux, des galeries d\u2019art et des lieux d\u2019exposition.<\/p>\n<p>Pestana, fond\u00e9 en 1972 sur l&rsquo;archipel de Mad\u00e8re, est le plus important groupe h\u00f4telier portugais. Pr\u00e9sent dans 20 pays, en Europe, en Afrique ainsi qu&rsquo;en Am\u00e9rique, il compte 87 unit\u00e9s h\u00f4teli\u00e8res avec plus de 11.000 chambres, six golfs ou encore deux casinos entre autres.<\/p>\n","protected":false},"excerpt":{"rendered":"<p>C\u2019est officiel, la star du football Christiano Ronaldo a sign\u00e9 l\u2019ouverture prochaine de son h\u00f4tel \u00e0 Marrakech en 2019, Pestana CR7 sur l\u2019avenue M \u00e0 Marrakech, dont le lancement est pr\u00e9vu pour 2019. Le groupe Pestana, qui compte d\u00e9j\u00e0 une unit\u00e9 h\u00f4teli\u00e8re \u00e0 Casablanca, souhaite renforcer sa pr\u00e9sence au Maroc &hellip;<\/p>\n","protected":false},"author":1,"featured_media":1073,"parent":0,"menu_order":0,"comment_status":"closed","ping_status":"closed","template":"","meta":{"footnotes":""},"class_list":["post-1072","page","type-page","status-publish","has-post-thumbnail","hentry"],"_links":{"self":[{"href":"https:\/\/limitless-experiences.com\/News\/wp-json\/wp\/v2\/pages\/1072","targetHints":{"allow":["GET"]}}],"collection":[{"href":"https:\/\/limitless-experiences.com\/News\/wp-json\/wp\/v2\/pages"}],"about":[{"href":"https:\/\/limitless-experiences.com\/News\/wp-json\/wp\/v2\/types\/page"}],"author":[{"embeddable":true,"href":"https:\/\/limitless-experiences.com\/News\/wp-json\/wp\/v2\/users\/1"}],"replies":[{"embeddable":true,"href":"https:\/\/limitless-experiences.com\/News\/wp-json\/wp\/v2\/comments?post=1072"}],"version-history":[{"count":4,"href":"https:\/\/limitless-experiences.com\/News\/wp-json\/wp\/v2\/pages\/1072\/revisions"}],"predecessor-version":[{"id":1078,"href":"https:\/\/limitless-experiences.com\/News\/wp-json\/wp\/v2\/pages\/1072\/revisions\/1078"}],"wp:featuredmedia":[{"embeddable":true,"href":"https:\/\/limitless-experiences.com\/News\/wp-json\/wp\/v2\/media\/1073"}],"wp:attachment":[{"href":"https:\/\/limitless-experiences.com\/News\/wp-json\/wp\/v2\/media?parent=1072"}],"curies":[{"name":"wp","href":"https:\/\/api.w.org\/{rel}","templated":true}]}}