{"id":1056,"date":"2018-05-07T14:31:53","date_gmt":"2018-05-07T14:31:53","guid":{"rendered":"http:\/\/limitless-experiences.com\/News\/?page_id=1056"},"modified":"2018-05-07T15:36:23","modified_gmt":"2018-05-07T15:36:23","slug":"la-ville-accueille-la-8e-edition-marrakech-du-rire","status":"publish","type":"page","link":"https:\/\/limitless-experiences.com\/News\/la-ville-accueille-la-8e-edition-marrakech-du-rire\/","title":{"rendered":"La 8\u00e8me \u00e9dition du Marrakech du Rire !"},"content":{"rendered":"<p><strong>Organis\u00e9 du 20 au 24 juin 2018<\/strong>, le\u00a0\u00ab\u00a0<a href=\"http:\/\/marrakechdurire.com\/index.html\">Marrakech du Rire<\/a>\u00a0\u00bb accueille cette ann\u00e9e encore des artistes de talents, dont des humoristes, chanteurs et danseurs, venus faire vibrez le public marrakchi.<\/p>\n<p>Pour cette \u00e9dition 2018, Jamel Debbouze promet \u00e0 son public ainsi qu\u2019aux t\u00e9l\u00e9spectateurs, une pl\u00e9iade d\u2019artistes de talent dont l<strong>es humoristes D\u2019Jal et Abdelkader Secteu<\/strong>r qui pr\u00e9senteront leurs nouveaux spectacles les 20 et 21 juin, ainsi que le magicien <strong>Eric Antoine<\/strong> et <strong>les humoristes Amou Tati et Akim Omiri.<\/strong><\/p>\n<p>A ne pas rater \u00e9galement, la pi\u00e8ce de th\u00e9\u00e2tre \u201cLa grande \u00e9vasion\u201d le 23 juin\u00a0; un spectacle riche en surprise gr\u00e2ce \u00e0 la pr\u00e9sence des humoristes <strong>Paul S\u00e9r\u00e9, Booder et Wahid<\/strong>.<\/p>\n<p>\u201cLa cr\u00e8me des humoristes africains francophones portera elle aussi tr\u00e8s haut les couleurs de l\u2019humour camerounais, congolais, s\u00e9n\u00e9galais, gabonais et ivoirien \u00e0 l\u2019occasion du Gala Afrika\u201d, pr\u00e9cisent les organisateurs.<\/p>\n<p>Rappelons que le festival lanc\u00e9 en 2011 par Jamel Debbouze est organis\u00e9 chaque ann\u00e9e dans plusieurs lieux de la ville, dont le <strong>Th\u00e9\u00e2tre royal, le Colis\u00e9e, l\u2019Institut fran\u00e7ais, la place Jemaa El Fna et le Palais Badi<\/strong>i.<\/p>\n<p>Le gala sera retransmis \u00e0 travers le monde sur les cha\u00eenes de t\u00e9l\u00e9vision M6, TV5 Monde et 2M.<\/p>\n<blockquote class=\"twitter-tweet\" data-width=\"449\" data-dnt=\"true\">\n<p lang=\"fr\" dir=\"ltr\">\ud83c\udf89 C&#39;est parti ! La billetterie du Marrakech du Rire 2018 est OUVERTE ! <\/p>\n<p>R\u00e9servez vos places d\u00e8s maintenant, il n&#39;y en aura pas pour tout le monde ! &gt; <a href=\"https:\/\/t.co\/sN5qGqlvVT\">https:\/\/t.co\/sN5qGqlvVT<\/a> <a href=\"https:\/\/t.co\/2D6g8jKRqV\">pic.twitter.com\/2D6g8jKRqV<\/a><\/p>\n<p>&mdash; Marrakech du Rire (@MarrakechDuRire) <a href=\"https:\/\/twitter.com\/MarrakechDuRire\/status\/973483806215819265?ref_src=twsrc%5Etfw\">March 13, 2018<\/a><\/p><\/blockquote>\n<p><script async src=\"https:\/\/platform.twitter.com\/widgets.js\" charset=\"utf-8\"><\/script><\/p>\n<p>&nbsp;<\/p>\n<p>D\u00e9couvrez les dates des spectacles du Marrakech du rire 2018 :<\/p>\n<p><strong>Eric Antoine :\u00a0<\/strong>vendredi 22 juin \u00e0 20h30, au Th\u00e9\u00e2tre Royal<br \/>\nTarif : 300 Dh<\/p>\n<p><strong>D\u2019Jal<\/strong> : mercredi 20 juin \u00e0 21h, au Th\u00e9\u00e2tre Royal<br \/>\nTarif : 300 Dh<\/p>\n<p><strong>La Grande \u00c9vasion<\/strong> : samedi 23 juin \u00e0 20h30, au Th\u00e9\u00e2tre Royal<br \/>\nTarif : 300 Dh<b><\/b><\/p>\n<p><strong>Le Gala \u201cJamel et ses amis\u201d<\/strong> : vendredi 22 et le samedi 23 juin \u00e0 21h au Palai Badii<br \/>\nTarif : 900 Dh<\/p>\n<p><strong>Le Gala Afrika<\/strong> : jeudi 21 juin \u00e0 21h au Palais Badii<br \/>\nTarif : 100 Dh<\/p>\n<p>&nbsp;<\/p>\n","protected":false},"excerpt":{"rendered":"<p>Organis\u00e9 du 20 au 24 juin 2018, le\u00a0\u00ab\u00a0Marrakech du Rire\u00a0\u00bb accueille cette ann\u00e9e encore des artistes de talents, dont des humoristes, chanteurs et danseurs, venus faire vibrez le public marrakchi. Pour cette \u00e9dition 2018, Jamel Debbouze promet \u00e0 son public ainsi qu\u2019aux t\u00e9l\u00e9spectateurs, une pl\u00e9iade d\u2019artistes de talent dont les &hellip;<\/p>\n","protected":false},"author":1,"featured_media":1057,"parent":0,"menu_order":0,"comment_status":"closed","ping_status":"closed","template":"","meta":{"footnotes":""},"class_list":["post-1056","page","type-page","status-publish","has-post-thumbnail","hentry"],"_links":{"self":[{"href":"https:\/\/limitless-experiences.com\/News\/wp-json\/wp\/v2\/pages\/1056","targetHints":{"allow":["GET"]}}],"collection":[{"href":"https:\/\/limitless-experiences.com\/News\/wp-json\/wp\/v2\/pages"}],"about":[{"href":"https:\/\/limitless-experiences.com\/News\/wp-json\/wp\/v2\/types\/page"}],"author":[{"embeddable":true,"href":"https:\/\/limitless-experiences.com\/News\/wp-json\/wp\/v2\/users\/1"}],"replies":[{"embeddable":true,"href":"https:\/\/limitless-experiences.com\/News\/wp-json\/wp\/v2\/comments?post=1056"}],"version-history":[{"count":7,"href":"https:\/\/limitless-experiences.com\/News\/wp-json\/wp\/v2\/pages\/1056\/revisions"}],"predecessor-version":[{"id":1071,"href":"https:\/\/limitless-experiences.com\/News\/wp-json\/wp\/v2\/pages\/1056\/revisions\/1071"}],"wp:featuredmedia":[{"embeddable":true,"href":"https:\/\/limitless-experiences.com\/News\/wp-json\/wp\/v2\/media\/1057"}],"wp:attachment":[{"href":"https:\/\/limitless-experiences.com\/News\/wp-json\/wp\/v2\/media?parent=1056"}],"curies":[{"name":"wp","href":"https:\/\/api.w.org\/{rel}","templated":true}]}}